{"id":26273,"date":"2024-07-03T10:32:14","date_gmt":"2024-07-03T08:32:14","guid":{"rendered":"https:\/\/rvinnotec.com\/?page_id=26273"},"modified":"2024-07-03T10:32:20","modified_gmt":"2024-07-03T08:32:20","slug":"unternehmen","status":"publish","type":"page","link":"https:\/\/rvinnotec.com\/index.php\/unternehmen\/","title":{"rendered":"Unternehmen"},"content":{"rendered":"<p>[et_pb_section fb_built=&#8220;1&#8243; fullwidth=&#8220;on&#8220; _builder_version=&#8220;4.16&#8243; _module_preset=&#8220;default&#8220; global_colors_info=&#8220;{}&#8220; theme_builder_area=&#8220;post_content&#8220;][et_pb_fullwidth_image src=&#8220;http:\/\/wordpress.p596518.webspaceconfig.de\/wp-content\/uploads\/2021\/08\/header-leichtbauelemente-verbundstoffe-fi-competence1.jpg&#8220; title_text=&#8220;header-leichtbauelemente-verbundstoffe-fi-competence1&#8243; _builder_version=&#8220;4.16&#8243; _module_preset=&#8220;default&#8220; global_colors_info=&#8220;{}&#8220; theme_builder_area=&#8220;post_content&#8220;][\/et_pb_fullwidth_image][\/et_pb_section][et_pb_section fb_built=&#8220;1&#8243; _builder_version=&#8220;4.16&#8243; _module_preset=&#8220;default&#8220; global_colors_info=&#8220;{}&#8220; theme_builder_area=&#8220;post_content&#8220;][et_pb_row _builder_version=&#8220;4.16&#8243; _module_preset=&#8220;default&#8220; global_colors_info=&#8220;{}&#8220; theme_builder_area=&#8220;post_content&#8220;][et_pb_column type=&#8220;4_4&#8243; _builder_version=&#8220;4.16&#8243; _module_preset=&#8220;default&#8220; global_colors_info=&#8220;{}&#8220; theme_builder_area=&#8220;post_content&#8220;][et_pb_text _builder_version=&#8220;4.16&#8243; _module_preset=&#8220;default&#8220; header_font=&#8220;Source Sans Pro|600|||||||&#8220; header_text_align=&#8220;center&#8220; global_colors_info=&#8220;{}&#8220; theme_builder_area=&#8220;post_content&#8220;]<\/p>\n<h1>Unternehmen<\/h1>\n<p>[\/et_pb_text][\/et_pb_column][\/et_pb_row][et_pb_row column_structure=&#8220;1_3,1_3,1_3&#8243; _builder_version=&#8220;4.16&#8243; _module_preset=&#8220;default&#8220; global_colors_info=&#8220;{}&#8220; theme_builder_area=&#8220;post_content&#8220;][et_pb_column type=&#8220;1_3&#8243; _builder_version=&#8220;4.16&#8243; _module_preset=&#8220;default&#8220; global_colors_info=&#8220;{}&#8220; theme_builder_area=&#8220;post_content&#8220;][et_pb_text _builder_version=&#8220;4.16&#8243; _module_preset=&#8220;default&#8220; text_font=&#8220;Source Sans Pro||||||||&#8220; global_colors_info=&#8220;{}&#8220; theme_builder_area=&#8220;post_content&#8220;]Den Markt immer im Blick<\/p>\n<h2>Unsere Expertise<\/h2>\n<p>Thermoplastische Verbundmaterialien und andere innovative Kunststoffmaterialien sind bereits heute im Automobilbau der Werkstoff der Zukunft: Leicht, langlebig und vielseitig, bew\u00e4hren sie sich unter h\u00e4rtesten Test- und Alltagsbedingungen. Die Experten von fi competence bieten diese innovativen High-Tech-Materialien nun optimiert f\u00fcr die Verarbeitung in Reisemobilen und Wohnwagen an. Wir sind uns sicher: Diese Materialien der Zukunft werden den Markt f\u00fcr Freizeitfahrzeuge revolutionieren. <\/p>\n<p>[\/et_pb_text][\/et_pb_column][et_pb_column type=&#8220;1_3&#8243; _builder_version=&#8220;4.16&#8243; _module_preset=&#8220;default&#8220; global_colors_info=&#8220;{}&#8220; theme_builder_area=&#8220;post_content&#8220;][et_pb_text _builder_version=&#8220;4.16&#8243; _module_preset=&#8220;default&#8220; text_font=&#8220;Source Sans Pro||||||||&#8220; locked=&#8220;off&#8220; global_colors_info=&#8220;{}&#8220; theme_builder_area=&#8220;post_content&#8220;]Langj\u00e4hrige Erfahrung<\/p>\n<h2>Unsere Passion<\/h2>\n<p>Die fi competence GmbH vertreibt innovative Verbundmaterialien und Konstruktionselemente f\u00fcr den Einsatz im Fahrzeugbau. Gest\u00fctzt auf unsere langj\u00e4hrige Erfahrung in der Freizeitfahrzeug-Industrie bieten wir nur Produkte an, die auf die Bed\u00fcrfnisse der Branche ausgerichtet sind. In Abstimmung mit unseren Kunden und Zulieferern entwickeln wir diese permanent weiter. Schwerpunktm\u00e4\u00dfig finden unsere Produkte in Reisemobilen und Wohnwagen Verwendung, k\u00f6nnen aber auch im Container- und Bootsbau eingesetzt werden<\/p>\n<p>[\/et_pb_text][\/et_pb_column][et_pb_column type=&#8220;1_3&#8243; _builder_version=&#8220;4.16&#8243; _module_preset=&#8220;default&#8220; global_colors_info=&#8220;{}&#8220; theme_builder_area=&#8220;post_content&#8220;][et_pb_text _builder_version=&#8220;4.16&#8243; _module_preset=&#8220;default&#8220; text_font=&#8220;Source Sans Pro||||||||&#8220; locked=&#8220;off&#8220; global_colors_info=&#8220;{}&#8220; theme_builder_area=&#8220;post_content&#8220;]Auf Kundenbed\u00fcrfnisse abgestimmt<\/p>\n<h2>Unser Antrieb<\/h2>\n<p>F\u00fchrende Reisemobil- und Wohnwagenbauer haben unsere vielseitigen Produkte im australischen Outback getestet. Auch die Wissenschaft ist \u00fcberzeugt: Werkstoffwissenschaftler der Universit\u00e4t von Monarch in Melbourne haben unsere Verbundstoffe nach strengen Kriterien auf ihre Festigkeit bzw. Steifigkeit und Feuchtigkeitsaufnahme hin untersucht und kommen zum positiven Ergebnissen.<\/p>\n<p>[\/et_pb_text][\/et_pb_column][\/et_pb_row][\/et_pb_section]<\/p>\n","protected":false},"excerpt":{"rendered":"<p>UnternehmenDen Markt immer im Blick Unsere Expertise Thermoplastische Verbundmaterialien und andere innovative Kunststoffmaterialien sind bereits heute im Automobilbau der Werkstoff der Zukunft: Leicht, langlebig und vielseitig, bew\u00e4hren sie sich unter h\u00e4rtesten Test- und Alltagsbedingungen. Die Experten von fi competence bieten diese innovativen High-Tech-Materialien nun optimiert f\u00fcr die Verarbeitung in Reisemobilen und Wohnwagen an. Wir sind [&hellip;]<\/p>\n","protected":false},"author":5,"featured_media":0,"parent":0,"menu_order":0,"comment_status":"closed","ping_status":"closed","template":"","meta":{"_et_pb_use_builder":"on","_et_pb_old_content":"","_et_gb_content_width":"","footnotes":""},"class_list":["post-26273","page","type-page","status-publish","hentry"],"_links":{"self":[{"href":"https:\/\/rvinnotec.com\/index.php\/wp-json\/wp\/v2\/pages\/26273","targetHints":{"allow":["GET"]}}],"collection":[{"href":"https:\/\/rvinnotec.com\/index.php\/wp-json\/wp\/v2\/pages"}],"about":[{"href":"https:\/\/rvinnotec.com\/index.php\/wp-json\/wp\/v2\/types\/page"}],"author":[{"embeddable":true,"href":"https:\/\/rvinnotec.com\/index.php\/wp-json\/wp\/v2\/users\/5"}],"replies":[{"embeddable":true,"href":"https:\/\/rvinnotec.com\/index.php\/wp-json\/wp\/v2\/comments?post=26273"}],"version-history":[{"count":2,"href":"https:\/\/rvinnotec.com\/index.php\/wp-json\/wp\/v2\/pages\/26273\/revisions"}],"predecessor-version":[{"id":26275,"href":"https:\/\/rvinnotec.com\/index.php\/wp-json\/wp\/v2\/pages\/26273\/revisions\/26275"}],"wp:attachment":[{"href":"https:\/\/rvinnotec.com\/index.php\/wp-json\/wp\/v2\/media?parent=26273"}],"curies":[{"name":"wp","href":"https:\/\/api.w.org\/{rel}","templated":true}]}}